{"id":397,"date":"2024-10-21T13:15:16","date_gmt":"2024-10-21T13:15:16","guid":{"rendered":"https:\/\/www.vgc.cat\/chi-siamo\/"},"modified":"2024-11-08T00:03:59","modified_gmt":"2024-11-08T00:03:59","slug":"chi-siamo","status":"publish","type":"page","link":"https:\/\/www.vgc.cat\/it\/chi-siamo\/","title":{"rendered":"Chi siamo"},"content":{"rendered":"<p>[et_pb_section fb_built=&#8221;1&#8243; _builder_version=&#8221;4.27.2&#8243; _module_preset=&#8221;default&#8221; background_color=&#8221;#FFF8FA&#8221; global_colors_info=&#8221;{}&#8221;][et_pb_row column_structure=&#8221;1_2,1_2&#8243; make_equal=&#8221;on&#8221; module_class=&#8221;align-center row-reverse-res&#8221; _builder_version=&#8221;4.27.2&#8243; _module_preset=&#8221;default&#8221; hover_enabled=&#8221;0&#8243; global_colors_info=&#8221;{}&#8221; sticky_enabled=&#8221;0&#8243;][et_pb_column type=&#8221;1_2&#8243; _builder_version=&#8221;4.27.2&#8243; _module_preset=&#8221;default&#8221; global_colors_info=&#8221;{}&#8221;][dsm_text_notation before_text=&#8221;Oltre 20 anni essendo il &#8221; notation_text=&#8221;supporto della tua attivit\u00e0.&#8221; notation_color=&#8221;#f4bcc4&#8243; notation_width=&#8221;6&#8243; _builder_version=&#8221;4.27.2&#8243; _module_preset=&#8221;default&#8221; header_font=&#8221;|800|||||||&#8221; header_font_size=&#8221;46px&#8221; hover_enabled=&#8221;0&#8243; global_colors_info=&#8221;{}&#8221; header_font_size_last_edited=&#8221;on|phone&#8221; header_font_size_phone=&#8221;36px&#8221; sticky_enabled=&#8221;0&#8243; header_font_size_tablet=&#8221;46px&#8221;][\/dsm_text_notation][et_pb_text _builder_version=&#8221;4.27.2&#8243; _module_preset=&#8221;default&#8221; text_font_size=&#8221;22px&#8221; text_line_height=&#8221;1.5em&#8221; width=&#8221;90%&#8221; width_tablet=&#8221;90%&#8221; width_phone=&#8221;100%&#8221; width_last_edited=&#8221;on|phone&#8221; module_alignment=&#8221;left&#8221; custom_margin=&#8221;2em||2em||true|false&#8221; hover_enabled=&#8221;0&#8243; locked=&#8221;off&#8221; global_colors_info=&#8221;{}&#8221; text_font_size_last_edited=&#8221;on|phone&#8221; text_font_size_phone=&#8221;16px&#8221; sticky_enabled=&#8221;0&#8243; text_font_size_tablet=&#8221;22px&#8221;]<\/p>\n<p>In VGC, abbiamo oltre 20 anni di esperienza nell&#8217;offrire soluzioni integrali di consulenza fiscale, contabile, del lavoro e legale per aziende e liberi professionisti. Il nostro team \u00e8 composto da oltre 10 professionisti altamente qualificati, impegnati a fornire un servizio personalizzato ed efficiente, adattato alle esigenze di ogni cliente. <\/p>\n<p>[\/et_pb_text][\/et_pb_column][et_pb_column type=&#8221;1_2&#8243; _builder_version=&#8221;4.27.2&#8243; _module_preset=&#8221;default&#8221; global_colors_info=&#8221;{}&#8221;][et_pb_image src=&#8221;https:\/\/www.vgc.cat\/wp-content\/uploads\/2024\/10\/about-1.jpg&#8221; title_text=&#8221;about&#8221; _builder_version=&#8221;4.27.2&#8243; _module_preset=&#8221;default&#8221; hover_enabled=&#8221;0&#8243; global_colors_info=&#8221;{}&#8221; custom_margin_last_edited=&#8221;on|phone&#8221; custom_margin_phone=&#8221;||2em||false|false&#8221; sticky_enabled=&#8221;0&#8243;][\/et_pb_image][\/et_pb_column][\/et_pb_row][\/et_pb_section][et_pb_section fb_built=&#8221;1&#8243; _builder_version=&#8221;4.27.2&#8243; _module_preset=&#8221;default&#8221; custom_padding=&#8221;6em||6em||true|false&#8221; global_colors_info=&#8221;{}&#8221;][et_pb_row column_structure=&#8221;3_5,2_5&#8243; make_equal=&#8221;on&#8221; module_class=&#8221;align-center row-reverse-res&#8221; _builder_version=&#8221;4.27.2&#8243; _module_preset=&#8221;default&#8221; global_colors_info=&#8221;{}&#8221;][et_pb_column type=&#8221;3_5&#8243; _builder_version=&#8221;4.27.2&#8243; _module_preset=&#8221;default&#8221; global_colors_info=&#8221;{}&#8221;][dsm_text_notation before_text=&#8221;Percorso e fiducia per &#8221; notation_text=&#8221;far crescere la tua azienda&#8221; notation_color=&#8221;#f4bcc4&#8243; notation_width=&#8221;6&#8243; heading_html_tag=&#8221;h2&#8243; _builder_version=&#8221;4.27.2&#8243; _module_preset=&#8221;default&#8221; header_font=&#8221;|800|||||||&#8221; header_font_size=&#8221;40px&#8221; hover_enabled=&#8221;0&#8243; global_colors_info=&#8221;{}&#8221; header_font_size_last_edited=&#8221;on|phone&#8221; header_font_size_phone=&#8221;36px&#8221; sticky_enabled=&#8221;0&#8243; header_font_size_tablet=&#8221;40px&#8221;][\/dsm_text_notation][et_pb_text _builder_version=&#8221;4.27.2&#8243; _module_preset=&#8221;default&#8221; text_font_size=&#8221;18px&#8221; text_line_height=&#8221;1.5em&#8221; width=&#8221;90%&#8221; width_tablet=&#8221;90%&#8221; width_phone=&#8221;100%&#8221; width_last_edited=&#8221;on|phone&#8221; module_alignment=&#8221;left&#8221; custom_margin=&#8221;2em||2em||true|false&#8221; locked=&#8221;off&#8221; global_colors_info=&#8221;{}&#8221;]<\/p>\n<p>Dai nostri inizi nel 2002, siamo cresciuti insieme ai nostri clienti, diventando il loro alleato di fiducia nella gestione e pianificazione delle loro attivit\u00e0. Siamo specializzati nell&#8217;offrire consulenza sia a imprese locali che internazionali, con un approccio proattivo e flessibile che ci consente di affrontare le complessit\u00e0 dell&#8217;attuale contesto economico e legale. <\/p>\n<p>[\/et_pb_text][\/et_pb_column][et_pb_column type=&#8221;2_5&#8243; _builder_version=&#8221;4.27.2&#8243; _module_preset=&#8221;default&#8221; global_colors_info=&#8221;{}&#8221;][\/et_pb_column][\/et_pb_row][et_pb_row column_structure=&#8221;1_3,1_3,1_3&#8243; _builder_version=&#8221;4.27.2&#8243; _module_preset=&#8221;default&#8221; global_colors_info=&#8221;{}&#8221;][et_pb_column type=&#8221;1_3&#8243; _builder_version=&#8221;4.27.2&#8243; _module_preset=&#8221;default&#8221; global_colors_info=&#8221;{}&#8221;][dsm_card title=&#8221;Missione&#8221; content_equal_height=&#8221;on&#8221; equal_height_image_height=&#8221;140px&#8221; image=&#8221;https:\/\/www.vgc.cat\/wp-content\/uploads\/2024\/10\/high-quality.svg&#8221; image_as_background=&#8221;off&#8221; image_width=&#8221;95px&#8221; button_url_new_window=&#8221;1&#8243; _builder_version=&#8221;4.27.2&#8243; _module_preset=&#8221;default&#8221; header_level=&#8221;h3&#8243; header_text_color=&#8221;#9A1337&#8243; header_line_height=&#8221;1.4em&#8221; custom_padding=&#8221;20px|20px|20px|20px|true|true&#8221; border_radii=&#8221;on|8px|8px|8px|8px&#8221; border_width_all_image=&#8221;15px&#8221; border_color_all_image=&#8221;#FFFFFF&#8221; box_shadow_style=&#8221;preset1&#8243; box_shadow_color=&#8221;rgba(0,0,0,0.12)&#8221; locked=&#8221;off&#8221; global_colors_info=&#8221;{}&#8221;]<\/p>\n<p>La nostra missione \u00e8 offrire un servizio di qualit\u00e0, veloce e preciso, che aiuti i nostri clienti a prendere decisioni informate e a rispettare tutte le loro obbligazioni legali e fiscali. Lavoriamo con il fermo intento di migliorare l&#8217;efficienza e la redditivit\u00e0 delle attivit\u00e0 che si fidano di noi. <\/p>\n<p>[\/dsm_card][\/et_pb_column][et_pb_column type=&#8221;1_3&#8243; _builder_version=&#8221;4.27.2&#8243; _module_preset=&#8221;default&#8221; global_colors_info=&#8221;{}&#8221;][dsm_card title=&#8221;Valori&#8221; content_equal_height=&#8221;on&#8221; equal_height_image_height=&#8221;140px&#8221; image=&#8221;https:\/\/www.vgc.cat\/wp-content\/uploads\/2024\/10\/value-proposition.svg&#8221; image_as_background=&#8221;off&#8221; image_width=&#8221;95px&#8221; button_url_new_window=&#8221;1&#8243; _builder_version=&#8221;4.27.2&#8243; _module_preset=&#8221;default&#8221; header_level=&#8221;h3&#8243; header_text_color=&#8221;#9A1337&#8243; header_line_height=&#8221;1.4em&#8221; custom_padding=&#8221;20px|20px|20px|20px|true|true&#8221; border_radii=&#8221;on|8px|8px|8px|8px&#8221; border_width_all_image=&#8221;15px&#8221; border_color_all_image=&#8221;#FFFFFF&#8221; box_shadow_style=&#8221;preset1&#8243; box_shadow_color=&#8221;rgba(0,0,0,0.12)&#8221; locked=&#8221;off&#8221; global_colors_info=&#8221;{}&#8221;]<\/p>\n<p>I nostri valori si concentrano sulla professionalit\u00e0, la personalizzazione e la rapidit\u00e0. Rimaniamo aggiornati sui cambiamenti normativi per offrire sempre le migliori soluzioni, anticipando le esigenze dei nostri clienti e supportandoli in ogni fase della loro crescita. <\/p>\n<p>[\/dsm_card][\/et_pb_column][et_pb_column type=&#8221;1_3&#8243; _builder_version=&#8221;4.27.2&#8243; _module_preset=&#8221;default&#8221; global_colors_info=&#8221;{}&#8221;][dsm_card title=&#8221;Credenza&#8221; content_equal_height=&#8221;on&#8221; equal_height_image_height=&#8221;140px&#8221; image=&#8221;https:\/\/www.vgc.cat\/wp-content\/uploads\/2024\/10\/relationship.svg&#8221; image_as_background=&#8221;off&#8221; image_width=&#8221;95px&#8221; button_url_new_window=&#8221;1&#8243; _builder_version=&#8221;4.27.2&#8243; _module_preset=&#8221;default&#8221; header_level=&#8221;h3&#8243; header_text_color=&#8221;#9A1337&#8243; header_line_height=&#8221;1.4em&#8221; custom_padding=&#8221;20px|20px|20px|20px|true|true&#8221; border_radii=&#8221;on|8px|8px|8px|8px&#8221; border_width_all_image=&#8221;15px&#8221; border_color_all_image=&#8221;#FFFFFF&#8221; box_shadow_style=&#8221;preset1&#8243; box_shadow_color=&#8221;rgba(0,0,0,0.12)&#8221; locked=&#8221;off&#8221; global_colors_info=&#8221;{}&#8221;]<\/p>\n<p>Crediamo nell&#8217;importanza di creare relazioni durature basate sulla fiducia, la trasparenza e la dedizione. Siamo orgogliosi della fedelt\u00e0 dei nostri clienti, che apprezzano non solo la nostra esperienza, ma anche la nostra capacit\u00e0 di adattarci e rispondere alle loro sfide. <\/p>\n<p>[\/dsm_card][\/et_pb_column][\/et_pb_row][\/et_pb_section][et_pb_section fb_built=&#8221;1&#8243; _builder_version=&#8221;4.27.2&#8243; _module_preset=&#8221;default&#8221; background_color=&#8221;#D20824&#8243; locked=&#8221;off&#8221; global_colors_info=&#8221;{}&#8221;][et_pb_row column_structure=&#8221;1_2,1_2&#8243; _builder_version=&#8221;4.27.2&#8243; _module_preset=&#8221;default&#8221; global_colors_info=&#8221;{}&#8221;][et_pb_column type=&#8221;1_2&#8243; _builder_version=&#8221;4.27.2&#8243; _module_preset=&#8221;default&#8221; global_colors_info=&#8221;{}&#8221;][et_pb_text _builder_version=&#8221;4.27.2&#8243; _module_preset=&#8221;default&#8221; header_3_text_color=&#8221;#FFFFFF&#8221; header_3_font_size=&#8221;38px&#8221; hover_enabled=&#8221;0&#8243; global_colors_info=&#8221;{}&#8221; header_3_font_size_last_edited=&#8221;on|phone&#8221; header_3_font_size_phone=&#8221;36px&#8221; sticky_enabled=&#8221;0&#8243; header_3_font_size_tablet=&#8221;38px&#8221;]<\/p>\n<h3>Siamo a Barcellona e Terrassa, vieni a trovarci<\/h3>\n<p>[\/et_pb_text][\/et_pb_column][et_pb_column type=&#8221;1_2&#8243; _builder_version=&#8221;4.27.2&#8243; _module_preset=&#8221;default&#8221; global_colors_info=&#8221;{}&#8221;][dsm_button button_one_text=&#8221;Come arrivare&#8221; button_one_url=&#8221;@ET-DC@eyJkeW5hbWljIjp0cnVlLCJjb250ZW50IjoicG9zdF9saW5rX3VybF9wYWdlIiwic2V0dGluZ3MiOnsicG9zdF9pZCI6Ijk5In19@&#8221; button_alignment=&#8221;center&#8221; _builder_version=&#8221;4.27.2&#8243; _dynamic_attributes=&#8221;button_one_url&#8221; _module_preset=&#8221;default&#8221; custom_button_one=&#8221;on&#8221; button_one_text_size=&#8221;22px&#8221; button_one_text_color=&#8221;#D20824&#8243; button_one_bg_color=&#8221;#FFFFFF&#8221; button_one_border_radius=&#8221;50em&#8221; button_one_use_icon=&#8221;off&#8221; button_one_custom_padding=&#8221;0.8em|4.4em|0.8em|4.4em|true|true&#8221; global_colors_info=&#8221;{}&#8221;][\/dsm_button][\/et_pb_column][\/et_pb_row][\/et_pb_section]<\/p>\n","protected":false},"excerpt":{"rendered":"<p><div class=\"et_pb_module dsm_text_notation dsm_text_notation_0  et_pb_bg_layout_light\">\n\t\t\t\t\n\t\t\t\t\n\t\t\t\t\n\t\t\t\t\n\t\t\t\t\n\t\t\t\t\n\t\t\t\t<div class=\"et_pb_module_inner\">\n\t\t\t\t\t<h1 class=\"dsm-text-notation-main et_pb_module_header\"><span class=\"dsm-text-notation-before\">Oltre 20 anni essendo il <\/span><span data-notation=\"[{&quot;type&quot;:&quot;underline&quot;,&quot;color&quot;:&quot;#f4bcc4&quot;,&quot;stroke-width&quot;:&quot;6&quot;,&quot;iterations&quot;:&quot;2&quot;,&quot;brackets&quot;:&quot;left|right&quot;,&quot;viewport&quot;:&quot;80%&quot;,&quot;delay&quot;:&quot;0ms&quot;,&quot;divi-animate&quot;:&quot;none&quot;,&quot;divi-animate-duration&quot;:&quot;1000ms&quot;,&quot;divi-animate-delay&quot;:&quot;0ms&quot;}]\" class=\"dsm-text-notation-middle\">supporto della tua attivit\u00e0.<\/span><\/h1>\n\t\t\t\t<\/div>\n\t\t\t<\/div>In VGC, abbiamo oltre 20 anni di esperienza nell&#8217;offrire soluzioni integrali di consulenza fiscale, contabile, del lavoro e legale per aziende e liberi professionisti. Il nostro team \u00e8 composto da oltre 10 professionisti altamente qualificati, impegnati a fornire un servizio personalizzato ed efficiente, adattato alle esigenze di ogni cliente. <div class=\"et_pb_module dsm_text_notation dsm_text_notation_1  et_pb_bg_layout_light\">\n\t\t\t\t\n\t\t\t\t\n\t\t\t\t\n\t\t\t\t\n\t\t\t\t\n\t\t\t\t\n\t\t\t\t<div class=\"et_pb_module_inner\">\n\t\t\t\t\t<h2 class=\"dsm-text-notation-main et_pb_module_header\"><span class=\"dsm-text-notation-before\">Percorso e fiducia per <\/span><span data-notation=\"[{&quot;type&quot;:&quot;underline&quot;,&quot;color&quot;:&quot;#f4bcc4&quot;,&quot;stroke-width&quot;:&quot;6&quot;,&quot;iterations&quot;:&quot;2&quot;,&quot;brackets&quot;:&quot;left|right&quot;,&quot;viewport&quot;:&quot;80%&quot;,&quot;delay&quot;:&quot;0ms&quot;,&quot;divi-animate&quot;:&quot;none&quot;,&quot;divi-animate-duration&quot;:&quot;1000ms&quot;,&quot;divi-animate-delay&quot;:&quot;0ms&quot;}]\" class=\"dsm-text-notation-middle\">far crescere la tua azienda<\/span><\/h2>\n\t\t\t\t<\/div>\n\t\t\t<\/div>Dai nostri inizi nel 2002, siamo cresciuti insieme ai nostri clienti, diventando il loro alleato di fiducia nella gestione e pianificazione delle loro attivit\u00e0. Siamo specializzati nell&#8217;offrire consulenza sia a imprese locali che internazionali, con un approccio proattivo e flessibile che ci consente di affrontare le complessit\u00e0 dell&#8217;attuale contesto economico e legale. <div class=\"et_pb_with_border et_pb_module dsm_card dsm_card_0 et_pb_bg_layout_light  dsm_card_layout_stacked\">\n\t\t\t\t\n\t\t\t\t\n\t\t\t\t\n\t\t\t\t\n\t\t\t\t\n\t\t\t\t\n\t\t\t\t<div class=\"et_pb_module_inner\">\n\t\t\t\t\t\n\t\t\t\n\t\t\t<figure class=\"dsm_card_image_wrapper dsm_card_badge_top_right\"><img decoding=\"async\" src=\"https:\/\/www.vgc.cat\/wp-content\/uploads\/2024\/10\/high-quality.svg\" alt=\"\" class=\"dsm_card_img dsm_card_image_stretch\" \/><\/figure>\n\t\t\t<div class=\"et_pb_module dsm_card_wrapper et_pb_text_align_left\">\n\t\t\t\t\t\n\t\t\t\t\t<h3 class=\"dsm_card_title et_pb_module_header\">Missione<\/h3>\n\t\t\t\t\t\n\t\t\t\t\t\n\t\t\t\t\t\n\t\t\t\t<\/div>\n\t\t\t\n\t\t\t\t<\/div>\n\t\t\t<\/div>La nostra missione \u00e8 offrire un servizio di qualit\u00e0, veloce e preciso, che aiuti i nostri clienti a prendere decisioni informate e a rispettare tutte le loro obbligazioni legali e fiscali. Lavoriamo con il [&hellip;]<\/p>\n","protected":false},"author":1,"featured_media":0,"parent":0,"menu_order":0,"comment_status":"closed","ping_status":"closed","template":"","meta":{"_et_pb_use_builder":"on","_et_pb_old_content":"","_et_gb_content_width":"","footnotes":""},"class_list":["post-397","page","type-page","status-publish","hentry"],"yoast_head":"<!-- This site is optimized with the Yoast SEO plugin v26.5 - https:\/\/yoast.com\/wordpress\/plugins\/seo\/ -->\n<title>Chi siamo - VGC Consultors<\/title>\n<meta name=\"robots\" content=\"index, follow, max-snippet:-1, max-image-preview:large, max-video-preview:-1\" \/>\n<link rel=\"canonical\" href=\"https:\/\/www.vgc.cat\/it\/chi-siamo\/\" \/>\n<meta property=\"og:locale\" content=\"it_IT\" \/>\n<meta property=\"og:type\" content=\"article\" \/>\n<meta property=\"og:title\" content=\"Chi siamo - VGC Consultors\" \/>\n<meta property=\"og:description\" content=\"In VGC, abbiamo oltre 20 anni di esperienza nell&#039;offrire soluzioni integrali di consulenza fiscale, contabile, del lavoro e legale per aziende e liberi professionisti. Il nostro team \u00e8 composto da oltre 10 professionisti altamente qualificati, impegnati a fornire un servizio personalizzato ed efficiente, adattato alle esigenze di ogni cliente. Dai nostri inizi nel 2002, siamo cresciuti insieme ai nostri clienti, diventando il loro alleato di fiducia nella gestione e pianificazione delle loro attivit\u00e0. Siamo specializzati nell&#039;offrire consulenza sia a imprese locali che internazionali, con un approccio proattivo e flessibile che ci consente di affrontare le complessit\u00e0 dell&#039;attuale contesto economico e legale. La nostra missione \u00e8 offrire un servizio di qualit\u00e0, veloce e preciso, che aiuti i nostri clienti a prendere decisioni informate e a rispettare tutte le loro obbligazioni legali e fiscali. Lavoriamo con il [&hellip;]\" \/>\n<meta property=\"og:url\" content=\"https:\/\/www.vgc.cat\/it\/chi-siamo\/\" \/>\n<meta property=\"og:site_name\" content=\"VGC Consultors\" \/>\n<meta property=\"article:modified_time\" content=\"2024-11-08T00:03:59+00:00\" \/>\n<meta name=\"twitter:card\" content=\"summary_large_image\" \/>\n<meta name=\"twitter:label1\" content=\"Tempo di lettura stimato\" \/>\n\t<meta name=\"twitter:data1\" content=\"6 minuti\" \/>\n<script type=\"application\/ld+json\" class=\"yoast-schema-graph\">{\"@context\":\"https:\/\/schema.org\",\"@graph\":[{\"@type\":\"WebPage\",\"@id\":\"https:\/\/www.vgc.cat\/it\/chi-siamo\/\",\"url\":\"https:\/\/www.vgc.cat\/it\/chi-siamo\/\",\"name\":\"Chi siamo - VGC Consultors\",\"isPartOf\":{\"@id\":\"https:\/\/www.vgc.cat\/#website\"},\"datePublished\":\"2024-10-21T13:15:16+00:00\",\"dateModified\":\"2024-11-08T00:03:59+00:00\",\"breadcrumb\":{\"@id\":\"https:\/\/www.vgc.cat\/it\/chi-siamo\/#breadcrumb\"},\"inLanguage\":\"it-IT\",\"potentialAction\":[{\"@type\":\"ReadAction\",\"target\":[\"https:\/\/www.vgc.cat\/it\/chi-siamo\/\"]}]},{\"@type\":\"BreadcrumbList\",\"@id\":\"https:\/\/www.vgc.cat\/it\/chi-siamo\/#breadcrumb\",\"itemListElement\":[{\"@type\":\"ListItem\",\"position\":1,\"name\":\"Portada\",\"item\":\"https:\/\/www.vgc.cat\/it\/\"},{\"@type\":\"ListItem\",\"position\":2,\"name\":\"Chi siamo\"}]},{\"@type\":\"WebSite\",\"@id\":\"https:\/\/www.vgc.cat\/#website\",\"url\":\"https:\/\/www.vgc.cat\/\",\"name\":\"VGC Consultors\",\"description\":\"Tu equipo de confianza en gesti\u00f3n empresarial\",\"publisher\":{\"@id\":\"https:\/\/www.vgc.cat\/#organization\"},\"potentialAction\":[{\"@type\":\"SearchAction\",\"target\":{\"@type\":\"EntryPoint\",\"urlTemplate\":\"https:\/\/www.vgc.cat\/?s={search_term_string}\"},\"query-input\":{\"@type\":\"PropertyValueSpecification\",\"valueRequired\":true,\"valueName\":\"search_term_string\"}}],\"inLanguage\":\"it-IT\"},{\"@type\":\"Organization\",\"@id\":\"https:\/\/www.vgc.cat\/#organization\",\"name\":\"VGC Consultors\",\"url\":\"https:\/\/www.vgc.cat\/\",\"logo\":{\"@type\":\"ImageObject\",\"inLanguage\":\"it-IT\",\"@id\":\"https:\/\/www.vgc.cat\/#\/schema\/logo\/image\/\",\"url\":\"https:\/\/www.vgc.cat\/wp-content\/uploads\/2024\/10\/logo.png\",\"contentUrl\":\"https:\/\/www.vgc.cat\/wp-content\/uploads\/2024\/10\/logo.png\",\"width\":435,\"height\":234,\"caption\":\"VGC Consultors\"},\"image\":{\"@id\":\"https:\/\/www.vgc.cat\/#\/schema\/logo\/image\/\"}}]}<\/script>\n<!-- \/ Yoast SEO plugin. -->","yoast_head_json":{"title":"Chi siamo - VGC Consultors","robots":{"index":"index","follow":"follow","max-snippet":"max-snippet:-1","max-image-preview":"max-image-preview:large","max-video-preview":"max-video-preview:-1"},"canonical":"https:\/\/www.vgc.cat\/it\/chi-siamo\/","og_locale":"it_IT","og_type":"article","og_title":"Chi siamo - VGC Consultors","og_description":"In VGC, abbiamo oltre 20 anni di esperienza nell'offrire soluzioni integrali di consulenza fiscale, contabile, del lavoro e legale per aziende e liberi professionisti. Il nostro team \u00e8 composto da oltre 10 professionisti altamente qualificati, impegnati a fornire un servizio personalizzato ed efficiente, adattato alle esigenze di ogni cliente. Dai nostri inizi nel 2002, siamo cresciuti insieme ai nostri clienti, diventando il loro alleato di fiducia nella gestione e pianificazione delle loro attivit\u00e0. Siamo specializzati nell'offrire consulenza sia a imprese locali che internazionali, con un approccio proattivo e flessibile che ci consente di affrontare le complessit\u00e0 dell'attuale contesto economico e legale. La nostra missione \u00e8 offrire un servizio di qualit\u00e0, veloce e preciso, che aiuti i nostri clienti a prendere decisioni informate e a rispettare tutte le loro obbligazioni legali e fiscali. Lavoriamo con il [&hellip;]","og_url":"https:\/\/www.vgc.cat\/it\/chi-siamo\/","og_site_name":"VGC Consultors","article_modified_time":"2024-11-08T00:03:59+00:00","twitter_card":"summary_large_image","twitter_misc":{"Tempo di lettura stimato":"6 minuti"},"schema":{"@context":"https:\/\/schema.org","@graph":[{"@type":"WebPage","@id":"https:\/\/www.vgc.cat\/it\/chi-siamo\/","url":"https:\/\/www.vgc.cat\/it\/chi-siamo\/","name":"Chi siamo - VGC Consultors","isPartOf":{"@id":"https:\/\/www.vgc.cat\/#website"},"datePublished":"2024-10-21T13:15:16+00:00","dateModified":"2024-11-08T00:03:59+00:00","breadcrumb":{"@id":"https:\/\/www.vgc.cat\/it\/chi-siamo\/#breadcrumb"},"inLanguage":"it-IT","potentialAction":[{"@type":"ReadAction","target":["https:\/\/www.vgc.cat\/it\/chi-siamo\/"]}]},{"@type":"BreadcrumbList","@id":"https:\/\/www.vgc.cat\/it\/chi-siamo\/#breadcrumb","itemListElement":[{"@type":"ListItem","position":1,"name":"Portada","item":"https:\/\/www.vgc.cat\/it\/"},{"@type":"ListItem","position":2,"name":"Chi siamo"}]},{"@type":"WebSite","@id":"https:\/\/www.vgc.cat\/#website","url":"https:\/\/www.vgc.cat\/","name":"VGC Consultors","description":"Tu equipo de confianza en gesti\u00f3n empresarial","publisher":{"@id":"https:\/\/www.vgc.cat\/#organization"},"potentialAction":[{"@type":"SearchAction","target":{"@type":"EntryPoint","urlTemplate":"https:\/\/www.vgc.cat\/?s={search_term_string}"},"query-input":{"@type":"PropertyValueSpecification","valueRequired":true,"valueName":"search_term_string"}}],"inLanguage":"it-IT"},{"@type":"Organization","@id":"https:\/\/www.vgc.cat\/#organization","name":"VGC Consultors","url":"https:\/\/www.vgc.cat\/","logo":{"@type":"ImageObject","inLanguage":"it-IT","@id":"https:\/\/www.vgc.cat\/#\/schema\/logo\/image\/","url":"https:\/\/www.vgc.cat\/wp-content\/uploads\/2024\/10\/logo.png","contentUrl":"https:\/\/www.vgc.cat\/wp-content\/uploads\/2024\/10\/logo.png","width":435,"height":234,"caption":"VGC Consultors"},"image":{"@id":"https:\/\/www.vgc.cat\/#\/schema\/logo\/image\/"}}]}},"_links":{"self":[{"href":"https:\/\/www.vgc.cat\/it\/wp-json\/wp\/v2\/pages\/397","targetHints":{"allow":["GET"]}}],"collection":[{"href":"https:\/\/www.vgc.cat\/it\/wp-json\/wp\/v2\/pages"}],"about":[{"href":"https:\/\/www.vgc.cat\/it\/wp-json\/wp\/v2\/types\/page"}],"author":[{"embeddable":true,"href":"https:\/\/www.vgc.cat\/it\/wp-json\/wp\/v2\/users\/1"}],"replies":[{"embeddable":true,"href":"https:\/\/www.vgc.cat\/it\/wp-json\/wp\/v2\/comments?post=397"}],"version-history":[{"count":2,"href":"https:\/\/www.vgc.cat\/it\/wp-json\/wp\/v2\/pages\/397\/revisions"}],"predecessor-version":[{"id":399,"href":"https:\/\/www.vgc.cat\/it\/wp-json\/wp\/v2\/pages\/397\/revisions\/399"}],"wp:attachment":[{"href":"https:\/\/www.vgc.cat\/it\/wp-json\/wp\/v2\/media?parent=397"}],"curies":[{"name":"wp","href":"https:\/\/api.w.org\/{rel}","templated":true}]}}